{"id":1061,"date":"2018-03-09T11:14:28","date_gmt":"2018-03-09T10:14:28","guid":{"rendered":"http:\/\/choeur-schutz.fr\/web_schutz\/?page_id=1061"},"modified":"2025-03-31T16:42:40","modified_gmt":"2025-03-31T15:42:40","slug":"nous-rejoindre","status":"publish","type":"page","link":"http:\/\/choeur-schutz.fr\/web_schutz\/?page_id=1061","title":{"rendered":"NOUS REJOINDRE"},"content":{"rendered":"<h1 style=\"text-align: left;\"><a href=\"http:\/\/choeur-schutz.fr\/web_schutz\/wp-content\/uploads\/2024\/09\/Ensemble-Schutz-Bencini-4691.jpg\" data-rel=\"lightbox-image-0\" data-rl_title=\"\" data-rl_caption=\"\" title=\"\"><img loading=\"lazy\" decoding=\"async\" class=\"alignnone wp-image-20969\" src=\"http:\/\/choeur-schutz.fr\/web_schutz\/wp-content\/uploads\/2024\/09\/Ensemble-Schutz-Bencini-4691.jpg\" alt=\"\" width=\"1905\" height=\"1270\" srcset=\"http:\/\/choeur-schutz.fr\/web_schutz\/wp-content\/uploads\/2024\/09\/Ensemble-Schutz-Bencini-4691.jpg 2400w, http:\/\/choeur-schutz.fr\/web_schutz\/wp-content\/uploads\/2024\/09\/Ensemble-Schutz-Bencini-4691-300x200.jpg 300w, http:\/\/choeur-schutz.fr\/web_schutz\/wp-content\/uploads\/2024\/09\/Ensemble-Schutz-Bencini-4691-1024x683.jpg 1024w, http:\/\/choeur-schutz.fr\/web_schutz\/wp-content\/uploads\/2024\/09\/Ensemble-Schutz-Bencini-4691-150x100.jpg 150w, http:\/\/choeur-schutz.fr\/web_schutz\/wp-content\/uploads\/2024\/09\/Ensemble-Schutz-Bencini-4691-768x512.jpg 768w, http:\/\/choeur-schutz.fr\/web_schutz\/wp-content\/uploads\/2024\/09\/Ensemble-Schutz-Bencini-4691-1536x1024.jpg 1536w, http:\/\/choeur-schutz.fr\/web_schutz\/wp-content\/uploads\/2024\/09\/Ensemble-Schutz-Bencini-4691-2048x1365.jpg 2048w, http:\/\/choeur-schutz.fr\/web_schutz\/wp-content\/uploads\/2024\/09\/Ensemble-Schutz-Bencini-4691-450x300.jpg 450w\" sizes=\"auto, (max-width: 1905px) 100vw, 1905px\" \/><\/a>Vous cherchez un choeur de bon niveau, vous lisez la musique et avez une belle voix, venez nous rejoindre&#8230;<\/h1>\n<p style=\"text-align: left;\"><strong>R\u00e9p\u00e9titions <\/strong>: 1 WE\/mois sur Annecy, salle du Pont Neuf.<br \/>\nS&rsquo;ajoute une r\u00e9sidence dans un grand g\u00eete lors du week-end de Pentec\u00f4te.<br \/>\n<strong>Horaires<\/strong> : samedi de 17h00 \u00e0 21h30 et dimanche de 9h30 \u00e0 16h00.<br \/>\n<strong>Conditions<\/strong> pour nous rejoindre:<br \/>\nAvoir moins de 55\/60 ans<br \/>\nPasser une audition avec notre chef Gonzalo Martinez.<br \/>\nAdh\u00e9sion : 350 euros\/an ( adaptable pour les \u00e9tudiants).<br \/>\n<strong>Plus d&rsquo;infos, contact<\/strong> : <a href=\"mailto:ens.vocal.schutz@gmail.com\">ens.vocal.schutz@gmail.com<\/a><\/p>\n<p>La convivialit\u00e9 et la bonne humeur sont de mises. Le partage du repas du dimanche midi (buffet canadien) et le week-end de Pentec\u00f4te contribuent \u00e0 la bonne entente entre tous.<br \/>\nDe vraies amiti\u00e9s se nouent, augmentant le plaisir de chanter ensemble, ce qui contribue \u00a0\u00e0 l&rsquo;unit\u00e9 du choeur.<br \/>\nEn partage quelques photos&#8230;<\/p>\n<div id=\"attachment_607\" style=\"width: 310px\" class=\"wp-caption alignnone\"><a href=\"http:\/\/choeur-schutz.fr\/web_schutz\/wp-content\/uploads\/2017\/03\/P1090998.jpg\" data-rel=\"lightbox-image-1\" data-rl_title=\"\" data-rl_caption=\"\" title=\"\"><img loading=\"lazy\" decoding=\"async\" aria-describedby=\"caption-attachment-607\" class=\"wp-image-607 size-medium\" src=\"http:\/\/choeur-schutz.fr\/web_schutz\/wp-content\/uploads\/2017\/03\/P1090998-300x225.jpg\" alt=\"\" width=\"300\" height=\"225\" srcset=\"http:\/\/choeur-schutz.fr\/web_schutz\/wp-content\/uploads\/2017\/03\/P1090998-300x225.jpg 300w, http:\/\/choeur-schutz.fr\/web_schutz\/wp-content\/uploads\/2017\/03\/P1090998-150x113.jpg 150w, http:\/\/choeur-schutz.fr\/web_schutz\/wp-content\/uploads\/2017\/03\/P1090998-768x576.jpg 768w, http:\/\/choeur-schutz.fr\/web_schutz\/wp-content\/uploads\/2017\/03\/P1090998-1024x768.jpg 1024w, http:\/\/choeur-schutz.fr\/web_schutz\/wp-content\/uploads\/2017\/03\/P1090998-600x450.jpg 600w\" sizes=\"auto, (max-width: 300px) 100vw, 300px\" \/><\/a><p id=\"caption-attachment-607\" class=\"wp-caption-text\">R\u00e9p\u00e9tition lors d&rsquo;une r\u00e9sidence de Pentec\u00f4te<\/p><\/div>\n<p><!--more--><\/p>\n<div id=\"attachment_156\" style=\"width: 310px\" class=\"wp-caption alignnone\"><a href=\"http:\/\/choeur-schutz.fr\/web_schutz\/wp-content\/uploads\/2013\/01\/P1050248.jpg\" data-rel=\"lightbox-image-2\" data-rl_title=\"\" data-rl_caption=\"\" title=\"\"><img loading=\"lazy\" decoding=\"async\" aria-describedby=\"caption-attachment-156\" class=\"wp-image-156 size-medium\" src=\"http:\/\/choeur-schutz.fr\/web_schutz\/wp-content\/uploads\/2013\/01\/P1050248-300x224.jpg\" alt=\"\" width=\"300\" height=\"224\" srcset=\"http:\/\/choeur-schutz.fr\/web_schutz\/wp-content\/uploads\/2013\/01\/P1050248-300x224.jpg 300w, http:\/\/choeur-schutz.fr\/web_schutz\/wp-content\/uploads\/2013\/01\/P1050248-1024x767.jpg 1024w, http:\/\/choeur-schutz.fr\/web_schutz\/wp-content\/uploads\/2013\/01\/P1050248.jpg 1378w\" sizes=\"auto, (max-width: 300px) 100vw, 300px\" \/><\/a><p id=\"caption-attachment-156\" class=\"wp-caption-text\">Partage de repas avant concert<\/p><\/div>\n<div id=\"attachment_252\" style=\"width: 310px\" class=\"wp-caption alignnone\"><a href=\"http:\/\/choeur-schutz.fr\/web_schutz\/wp-content\/uploads\/2014\/10\/P1080287-e1436366090121.jpg\" data-rel=\"lightbox-image-3\" data-rl_title=\"\" data-rl_caption=\"\" title=\"\"><img loading=\"lazy\" decoding=\"async\" aria-describedby=\"caption-attachment-252\" class=\"wp-image-252 size-medium\" src=\"http:\/\/choeur-schutz.fr\/web_schutz\/wp-content\/uploads\/2014\/10\/P1080287-300x225.jpg\" alt=\"\" width=\"300\" height=\"225\" \/><\/a><p id=\"caption-attachment-252\" class=\"wp-caption-text\">D\u00e9tente lors d&rsquo;un WE de Pentec\u00f4te.<\/p><\/div>\n<div id=\"attachment_603\" style=\"width: 232px\" class=\"wp-caption alignnone\"><a href=\"http:\/\/choeur-schutz.fr\/web_schutz\/wp-content\/uploads\/2017\/03\/DSC_0467-e1488389245314.jpg\" data-rel=\"lightbox-image-4\" data-rl_title=\"\" data-rl_caption=\"\" title=\"\"><img loading=\"lazy\" decoding=\"async\" aria-describedby=\"caption-attachment-603\" class=\"wp-image-603 size-medium\" src=\"http:\/\/choeur-schutz.fr\/web_schutz\/wp-content\/uploads\/2017\/03\/DSC_0467-e1488389245314-222x300.jpg\" alt=\"\" width=\"222\" height=\"300\" srcset=\"http:\/\/choeur-schutz.fr\/web_schutz\/wp-content\/uploads\/2017\/03\/DSC_0467-e1488389245314-222x300.jpg 222w, http:\/\/choeur-schutz.fr\/web_schutz\/wp-content\/uploads\/2017\/03\/DSC_0467-e1488389245314-111x150.jpg 111w, http:\/\/choeur-schutz.fr\/web_schutz\/wp-content\/uploads\/2017\/03\/DSC_0467-e1488389245314-768x1039.jpg 768w, http:\/\/choeur-schutz.fr\/web_schutz\/wp-content\/uploads\/2017\/03\/DSC_0467-e1488389245314-757x1024.jpg 757w, http:\/\/choeur-schutz.fr\/web_schutz\/wp-content\/uploads\/2017\/03\/DSC_0467-e1488389245314-600x812.jpg 600w, http:\/\/choeur-schutz.fr\/web_schutz\/wp-content\/uploads\/2017\/03\/DSC_0467-e1488389245314.jpg 1969w\" sizes=\"auto, (max-width: 222px) 100vw, 222px\" \/><\/a><p id=\"caption-attachment-603\" class=\"wp-caption-text\">Le repas du dimanche midi!<\/p><\/div>\n<p><a href=\"http:\/\/choeur-schutz.fr\/web_schutz\/wp-content\/uploads\/2025\/03\/Ensemble-Schutz-Bencini-4722-recadree.jpg\" data-rel=\"lightbox-image-5\" data-rl_title=\"\" data-rl_caption=\"\" title=\"\"><img loading=\"lazy\" decoding=\"async\" class=\"alignnone size-full wp-image-21065\" src=\"http:\/\/choeur-schutz.fr\/web_schutz\/wp-content\/uploads\/2025\/03\/Ensemble-Schutz-Bencini-4722-recadree.jpg\" alt=\"\" width=\"1435\" height=\"853\" srcset=\"http:\/\/choeur-schutz.fr\/web_schutz\/wp-content\/uploads\/2025\/03\/Ensemble-Schutz-Bencini-4722-recadree.jpg 1435w, http:\/\/choeur-schutz.fr\/web_schutz\/wp-content\/uploads\/2025\/03\/Ensemble-Schutz-Bencini-4722-recadree-300x178.jpg 300w, http:\/\/choeur-schutz.fr\/web_schutz\/wp-content\/uploads\/2025\/03\/Ensemble-Schutz-Bencini-4722-recadree-1024x609.jpg 1024w, http:\/\/choeur-schutz.fr\/web_schutz\/wp-content\/uploads\/2025\/03\/Ensemble-Schutz-Bencini-4722-recadree-150x89.jpg 150w, http:\/\/choeur-schutz.fr\/web_schutz\/wp-content\/uploads\/2025\/03\/Ensemble-Schutz-Bencini-4722-recadree-768x457.jpg 768w, http:\/\/choeur-schutz.fr\/web_schutz\/wp-content\/uploads\/2025\/03\/Ensemble-Schutz-Bencini-4722-recadree-500x297.jpg 500w\" sizes=\"auto, (max-width: 1435px) 100vw, 1435px\" \/><\/a><\/p>\n","protected":false},"excerpt":{"rendered":"<p>Vous cherchez un choeur de bon niveau, vous lisez la musique et avez une belle voix, venez nous rejoindre&#8230; R\u00e9p\u00e9titions : 1 WE\/mois sur Annecy, salle du Pont Neuf. S&rsquo;ajoute une r\u00e9sidence dans un grand g\u00eete lors du week-end de &hellip; <a href=\"http:\/\/choeur-schutz.fr\/web_schutz\/?page_id=1061\">Continuer la lecture <span class=\"meta-nav\">&rarr;<\/span><\/a><\/p>\n","protected":false},"author":1,"featured_media":0,"parent":879,"menu_order":3,"comment_status":"closed","ping_status":"closed","template":"","meta":{"_acf_changed":false,"footnotes":""},"class_list":["post-1061","page","type-page","status-publish","hentry"],"acf":[],"_links":{"self":[{"href":"http:\/\/choeur-schutz.fr\/web_schutz\/index.php?rest_route=\/wp\/v2\/pages\/1061","targetHints":{"allow":["GET"]}}],"collection":[{"href":"http:\/\/choeur-schutz.fr\/web_schutz\/index.php?rest_route=\/wp\/v2\/pages"}],"about":[{"href":"http:\/\/choeur-schutz.fr\/web_schutz\/index.php?rest_route=\/wp\/v2\/types\/page"}],"author":[{"embeddable":true,"href":"http:\/\/choeur-schutz.fr\/web_schutz\/index.php?rest_route=\/wp\/v2\/users\/1"}],"replies":[{"embeddable":true,"href":"http:\/\/choeur-schutz.fr\/web_schutz\/index.php?rest_route=%2Fwp%2Fv2%2Fcomments&post=1061"}],"version-history":[{"count":7,"href":"http:\/\/choeur-schutz.fr\/web_schutz\/index.php?rest_route=\/wp\/v2\/pages\/1061\/revisions"}],"predecessor-version":[{"id":21066,"href":"http:\/\/choeur-schutz.fr\/web_schutz\/index.php?rest_route=\/wp\/v2\/pages\/1061\/revisions\/21066"}],"up":[{"embeddable":true,"href":"http:\/\/choeur-schutz.fr\/web_schutz\/index.php?rest_route=\/wp\/v2\/pages\/879"}],"wp:attachment":[{"href":"http:\/\/choeur-schutz.fr\/web_schutz\/index.php?rest_route=%2Fwp%2Fv2%2Fmedia&parent=1061"}],"curies":[{"name":"wp","href":"https:\/\/api.w.org\/{rel}","templated":true}]}}