{"id":20784,"date":"2022-10-17T15:15:04","date_gmt":"2022-10-17T14:15:04","guid":{"rendered":"http:\/\/choeur-schutz.fr\/web_schutz\/?page_id=20784"},"modified":"2022-10-17T15:31:48","modified_gmt":"2022-10-17T14:31:48","slug":"saison-2022","status":"publish","type":"page","link":"http:\/\/choeur-schutz.fr\/web_schutz\/?page_id=20784","title":{"rendered":"Saison 2022"},"content":{"rendered":"\n<div class=\"wp-block-media-text alignwide is-stacked-on-mobile\"><figure class=\"wp-block-media-text__media\"><img loading=\"lazy\" decoding=\"async\" width=\"714\" height=\"1000\" src=\"http:\/\/choeur-schutz.fr\/web_schutz\/wp-content\/uploads\/2022\/10\/affiche-Stabat-ANNECY-1000p.jpg\" alt=\"\" class=\"wp-image-20786 size-full\" srcset=\"http:\/\/choeur-schutz.fr\/web_schutz\/wp-content\/uploads\/2022\/10\/affiche-Stabat-ANNECY-1000p.jpg 714w, http:\/\/choeur-schutz.fr\/web_schutz\/wp-content\/uploads\/2022\/10\/affiche-Stabat-ANNECY-1000p-214x300.jpg 214w, http:\/\/choeur-schutz.fr\/web_schutz\/wp-content\/uploads\/2022\/10\/affiche-Stabat-ANNECY-1000p-107x150.jpg 107w\" sizes=\"auto, (max-width: 714px) 100vw, 714px\" \/><\/figure><div class=\"wp-block-media-text__content\">\n<p style=\"font-size:18px\">Le 19 novembre \u00e0 ANNECY &#8211; Eglise de Cran-Mosinges<br>Le 20 novembre \u00e0 FERNEY-VOLTAIRE<br>Eglise St Andr\u00e9<\/p>\n<\/div><\/div>\n\n\n\n<div class=\"wp-block-media-text alignwide is-stacked-on-mobile\"><figure class=\"wp-block-media-text__media\"><img loading=\"lazy\" decoding=\"async\" width=\"226\" height=\"320\" src=\"http:\/\/choeur-schutz.fr\/web_schutz\/wp-content\/uploads\/2022\/10\/Concert-Monteverdi-petit-format.jpeg\" alt=\"\" class=\"wp-image-20785 size-full\" srcset=\"http:\/\/choeur-schutz.fr\/web_schutz\/wp-content\/uploads\/2022\/10\/Concert-Monteverdi-petit-format.jpeg 226w, http:\/\/choeur-schutz.fr\/web_schutz\/wp-content\/uploads\/2022\/10\/Concert-Monteverdi-petit-format-212x300.jpeg 212w, http:\/\/choeur-schutz.fr\/web_schutz\/wp-content\/uploads\/2022\/10\/Concert-Monteverdi-petit-format-106x150.jpeg 106w\" sizes=\"auto, (max-width: 226px) 100vw, 226px\" \/><\/figure><div class=\"wp-block-media-text__content\">\n<p>Un programme essentiellement consacr\u00e9 \u00e0 Monteverdi avec des oeuvres aussi bien profanes que religieuses.<br>Outre quelques madrigaux, l\u2019ensemble vocal interpr\u00e9tera un magnifique \u00ablamento \u00bb seul extrait manuscrit restant de son op\u00e9ra \u00abL\u2019Arianna \u00bb.<br>Nous retrouverons dans les \u0153uvres religieuses interpr\u00e9t\u00e9es, une messe \u00e0 4 voix de Monteverdi et un Sanctus de Francesco Cavalli qui fut le successeur de Monteverdi \u00e0 la basilique St Marc de Venise<\/p>\n<\/div><\/div>\n\n\n\n<p><\/p>\n","protected":false},"excerpt":{"rendered":"<p>Le 19 novembre \u00e0 ANNECY &#8211; Eglise de Cran-MosingesLe 20 novembre \u00e0 FERNEY-VOLTAIREEglise St Andr\u00e9 Un programme essentiellement consacr\u00e9 \u00e0 Monteverdi avec des oeuvres aussi bien profanes que religieuses.Outre quelques madrigaux, l\u2019ensemble vocal interpr\u00e9tera un magnifique \u00ablamento \u00bb seul extrait &hellip; <a href=\"http:\/\/choeur-schutz.fr\/web_schutz\/?page_id=20784\">Continuer la lecture <span class=\"meta-nav\">&rarr;<\/span><\/a><\/p>\n","protected":false},"author":1,"featured_media":0,"parent":306,"menu_order":-2,"comment_status":"closed","ping_status":"closed","template":"","meta":{"_acf_changed":false,"footnotes":""},"class_list":["post-20784","page","type-page","status-publish","hentry"],"acf":[],"_links":{"self":[{"href":"http:\/\/choeur-schutz.fr\/web_schutz\/index.php?rest_route=\/wp\/v2\/pages\/20784","targetHints":{"allow":["GET"]}}],"collection":[{"href":"http:\/\/choeur-schutz.fr\/web_schutz\/index.php?rest_route=\/wp\/v2\/pages"}],"about":[{"href":"http:\/\/choeur-schutz.fr\/web_schutz\/index.php?rest_route=\/wp\/v2\/types\/page"}],"author":[{"embeddable":true,"href":"http:\/\/choeur-schutz.fr\/web_schutz\/index.php?rest_route=\/wp\/v2\/users\/1"}],"replies":[{"embeddable":true,"href":"http:\/\/choeur-schutz.fr\/web_schutz\/index.php?rest_route=%2Fwp%2Fv2%2Fcomments&post=20784"}],"version-history":[{"count":1,"href":"http:\/\/choeur-schutz.fr\/web_schutz\/index.php?rest_route=\/wp\/v2\/pages\/20784\/revisions"}],"predecessor-version":[{"id":20787,"href":"http:\/\/choeur-schutz.fr\/web_schutz\/index.php?rest_route=\/wp\/v2\/pages\/20784\/revisions\/20787"}],"up":[{"embeddable":true,"href":"http:\/\/choeur-schutz.fr\/web_schutz\/index.php?rest_route=\/wp\/v2\/pages\/306"}],"wp:attachment":[{"href":"http:\/\/choeur-schutz.fr\/web_schutz\/index.php?rest_route=%2Fwp%2Fv2%2Fmedia&parent=20784"}],"curies":[{"name":"wp","href":"https:\/\/api.w.org\/{rel}","templated":true}]}}