{"id":20860,"date":"2023-09-14T09:41:25","date_gmt":"2023-09-14T08:41:25","guid":{"rendered":"http:\/\/choeur-schutz.fr\/web_schutz\/?page_id=20860"},"modified":"2025-11-18T15:42:58","modified_gmt":"2025-11-18T14:42:58","slug":"saison-2023","status":"publish","type":"page","link":"http:\/\/choeur-schutz.fr\/web_schutz\/?page_id=20860","title":{"rendered":"Saison 2023"},"content":{"rendered":"\r\n<p class=\"has-dark-gray-color has-text-color has-medium-font-size\">Liszt : Annecy et Ferney-voltaire<\/p>\r\n\r\n\r\n\r\n<div class=\"wp-block-media-text alignwide is-stacked-on-mobile\">\r\n<figure class=\"wp-block-media-text__media\"><img loading=\"lazy\" decoding=\"async\" width=\"900\" height=\"634\" class=\"wp-image-20808 size-full\" src=\"http:\/\/choeur-schutz.fr\/web_schutz\/wp-content\/uploads\/2023\/03\/Flyer-Passion-romantique-horizontal.jpg\" alt=\"\" srcset=\"http:\/\/choeur-schutz.fr\/web_schutz\/wp-content\/uploads\/2023\/03\/Flyer-Passion-romantique-horizontal.jpg 900w, http:\/\/choeur-schutz.fr\/web_schutz\/wp-content\/uploads\/2023\/03\/Flyer-Passion-romantique-horizontal-300x211.jpg 300w, http:\/\/choeur-schutz.fr\/web_schutz\/wp-content\/uploads\/2023\/03\/Flyer-Passion-romantique-horizontal-150x106.jpg 150w, http:\/\/choeur-schutz.fr\/web_schutz\/wp-content\/uploads\/2023\/03\/Flyer-Passion-romantique-horizontal-768x541.jpg 768w, http:\/\/choeur-schutz.fr\/web_schutz\/wp-content\/uploads\/2023\/03\/Flyer-Passion-romantique-horizontal-426x300.jpg 426w\" sizes=\"auto, (max-width: 900px) 100vw, 900px\" \/><\/figure>\r\n<div class=\"wp-block-media-text__content\">\r\n<p style=\"font-size: 10px;\">Franz Liszt, dont on connait ses compositions pour le piano, m\u00e9rite d\u2019\u00eatre aussi connu pour ses \u0153uvres religieuses.<br \/>Dans ce programme original, autour de ce Via Crucis (oeuvre de la maturit\u00e9 du musicien, magistrale et aust\u00e8re mais d\u2019une grande intimit\u00e9), s\u2019ajoutent d\u2019autres petites pi\u00e8ces de Liszt (Ave Maria \u2013 Ave Verum \u2013 chorals \u2013 Pater Noster), ainsi que 3 chorals de Jean Sebastien Bach et un po\u00e8me de Blaise Cendrars (P\u00e2ques \u00e0 New-York) qui ajoute beaucoup d\u2019\u00e9motion \u00e0 ce programme.<br \/>Les vers en alexandrins, magnifiquement d\u00e9clam\u00e9s par Olivier Bettens s\u2019intercalent \u00e0 merveille dans l\u2019\u0153uvre de Liszt et ajoutent un regard actuel et humain.<br \/>La po\u00e9sie et la musique se marient tellement bien!<\/p>\r\n<\/div>\r\n<\/div>\r\n\r\n\r\n\r\n<p>LISZT : FONDI (Italie &#8211; entre Rome et Naples)<\/p>\r\n\r\n\r\n\r\n<div class=\"wp-block-media-text alignwide is-stacked-on-mobile\">\r\n<figure class=\"wp-block-media-text__media\"><img loading=\"lazy\" decoding=\"async\" width=\"732\" height=\"1024\" class=\"wp-image-20870 size-full\" src=\"http:\/\/choeur-schutz.fr\/web_schutz\/wp-content\/uploads\/2023\/09\/affiche--732x1024.jpeg\" alt=\"\" srcset=\"http:\/\/choeur-schutz.fr\/web_schutz\/wp-content\/uploads\/2023\/09\/affiche--732x1024.jpeg 732w, http:\/\/choeur-schutz.fr\/web_schutz\/wp-content\/uploads\/2023\/09\/affiche--214x300.jpeg 214w, http:\/\/choeur-schutz.fr\/web_schutz\/wp-content\/uploads\/2023\/09\/affiche--107x150.jpeg 107w, http:\/\/choeur-schutz.fr\/web_schutz\/wp-content\/uploads\/2023\/09\/affiche--768x1074.jpeg 768w, http:\/\/choeur-schutz.fr\/web_schutz\/wp-content\/uploads\/2023\/09\/affiche-.jpeg 920w\" sizes=\"auto, (max-width: 732px) 100vw, 732px\" \/><\/figure>\r\n<div class=\"wp-block-media-text__content\">\r\n<p class=\"has-medium-font-size\">Mais aussi ce merveilleux week-end en Italie (Ariccia et Fondi)<\/p>\r\n<\/div>\r\n<\/div>\r\n\r\n\r\n\r\n<p class=\"has-medium-font-size\">Rossini : Stabat Mater \u00e0 ARICCIA (20 km au sud de Rome)<\/p>\r\n\r\n\r\n\r\n<figure class=\"wp-block-image size-full is-resized\"><img loading=\"lazy\" decoding=\"async\" class=\"wp-image-20871\" src=\"http:\/\/choeur-schutz.fr\/web_schutz\/wp-content\/uploads\/2023\/09\/affiche-Arricia-pour-Rossini.jpeg\" alt=\"\" width=\"288\" height=\"394\" \/><\/figure>\r\n","protected":false},"excerpt":{"rendered":"<p>Liszt : Annecy et Ferney-voltaire Franz Liszt, dont on connait ses compositions pour le piano, m\u00e9rite d\u2019\u00eatre aussi connu pour ses \u0153uvres religieuses.Dans ce programme original, autour de ce Via Crucis (oeuvre de la maturit\u00e9 du musicien, magistrale et aust\u00e8re &hellip; <a href=\"http:\/\/choeur-schutz.fr\/web_schutz\/?page_id=20860\">Continuer la lecture <span class=\"meta-nav\">&rarr;<\/span><\/a><\/p>\n","protected":false},"author":1,"featured_media":0,"parent":306,"menu_order":2,"comment_status":"closed","ping_status":"closed","template":"","meta":{"_acf_changed":false,"footnotes":""},"class_list":["post-20860","page","type-page","status-publish","hentry"],"acf":[],"_links":{"self":[{"href":"http:\/\/choeur-schutz.fr\/web_schutz\/index.php?rest_route=\/wp\/v2\/pages\/20860","targetHints":{"allow":["GET"]}}],"collection":[{"href":"http:\/\/choeur-schutz.fr\/web_schutz\/index.php?rest_route=\/wp\/v2\/pages"}],"about":[{"href":"http:\/\/choeur-schutz.fr\/web_schutz\/index.php?rest_route=\/wp\/v2\/types\/page"}],"author":[{"embeddable":true,"href":"http:\/\/choeur-schutz.fr\/web_schutz\/index.php?rest_route=\/wp\/v2\/users\/1"}],"replies":[{"embeddable":true,"href":"http:\/\/choeur-schutz.fr\/web_schutz\/index.php?rest_route=%2Fwp%2Fv2%2Fcomments&post=20860"}],"version-history":[{"count":7,"href":"http:\/\/choeur-schutz.fr\/web_schutz\/index.php?rest_route=\/wp\/v2\/pages\/20860\/revisions"}],"predecessor-version":[{"id":21145,"href":"http:\/\/choeur-schutz.fr\/web_schutz\/index.php?rest_route=\/wp\/v2\/pages\/20860\/revisions\/21145"}],"up":[{"embeddable":true,"href":"http:\/\/choeur-schutz.fr\/web_schutz\/index.php?rest_route=\/wp\/v2\/pages\/306"}],"wp:attachment":[{"href":"http:\/\/choeur-schutz.fr\/web_schutz\/index.php?rest_route=%2Fwp%2Fv2%2Fmedia&parent=20860"}],"curies":[{"name":"wp","href":"https:\/\/api.w.org\/{rel}","templated":true}]}}