{"id":21141,"date":"2025-12-20T14:11:34","date_gmt":"2025-12-20T13:11:34","guid":{"rendered":"http:\/\/choeur-schutz.fr\/web_schutz\/?page_id=21141"},"modified":"2025-12-20T14:15:41","modified_gmt":"2025-12-20T13:15:41","slug":"saison-2024","status":"publish","type":"page","link":"http:\/\/choeur-schutz.fr\/web_schutz\/?page_id=21141","title":{"rendered":"Saison 2024"},"content":{"rendered":"\n<h2 class=\"wp-block-heading has-text-align-center has-light-gray-background-color has-text-color has-background has-link-color wp-elements-c377efcaca074241063730140a3d6600\" style=\"color:#c93c3c;font-size:18px\">V\u00eapres romaines au XVIII \u00e8me si\u00e8cle &#8211; Pietro Paolo Paolo BENCINI<br>2 concerts : Annecy et Monnetier Mornex<\/h2>\n\n\n\n<div class=\"wp-block-media-text is-stacked-on-mobile\"><figure class=\"wp-block-media-text__media\"><img loading=\"lazy\" decoding=\"async\" width=\"724\" height=\"1024\" src=\"http:\/\/choeur-schutz.fr\/web_schutz\/wp-content\/uploads\/2024\/09\/Bencini-ANNECY-F.A-724x1024.jpg\" alt=\"\" class=\"wp-image-21031 size-full\" srcset=\"http:\/\/choeur-schutz.fr\/web_schutz\/wp-content\/uploads\/2024\/09\/Bencini-ANNECY-F.A-724x1024.jpg 724w, http:\/\/choeur-schutz.fr\/web_schutz\/wp-content\/uploads\/2024\/09\/Bencini-ANNECY-F.A-212x300.jpg 212w, http:\/\/choeur-schutz.fr\/web_schutz\/wp-content\/uploads\/2024\/09\/Bencini-ANNECY-F.A-106x150.jpg 106w, http:\/\/choeur-schutz.fr\/web_schutz\/wp-content\/uploads\/2024\/09\/Bencini-ANNECY-F.A-768x1086.jpg 768w, http:\/\/choeur-schutz.fr\/web_schutz\/wp-content\/uploads\/2024\/09\/Bencini-ANNECY-F.A-1086x1536.jpg 1086w, http:\/\/choeur-schutz.fr\/web_schutz\/wp-content\/uploads\/2024\/09\/Bencini-ANNECY-F.A-1448x2048.jpg 1448w, http:\/\/choeur-schutz.fr\/web_schutz\/wp-content\/uploads\/2024\/09\/Bencini-ANNECY-F.A-scaled.jpg 1810w\" sizes=\"auto, (max-width: 724px) 100vw, 724px\" \/><\/figure><div class=\"wp-block-media-text__content\">\n<p><strong>Ensemble Vocal Heinrich Sch\u00fctz<\/strong><br>Solistes: <br><strong>Florence Grasset <\/strong>&#8211; Soprano<br><strong>Lionnel Desmeules<\/strong> &#8211; Alto<\/p>\n\n\n\n<p>Instrumentistes :<br><strong>Pierre-Louis Retat<\/strong> &#8211; Orgue<br><strong>Charles-Edouard Fantin<\/strong> &#8211; Th\u00e9orbe<br><strong>Patricia Esteban<\/strong> &#8211; Viole de Gambe<br><strong>Benoit Berrato<\/strong> &#8211; Violone<br><\/p>\n<\/div><\/div>\n\n\n\n<h2 class=\"wp-block-heading has-text-align-center has-blue-color has-light-gray-background-color has-text-color has-background has-link-color wp-elements-3f00580f19e9c9db83fc816cb5f1e262\" style=\"font-size:18px\">Voyage \u00e0 L\u00fcbeck <br>Dietrich BUXTEHUDE &#8211; Autres pi\u00e8ces : Johann Ludwig BACH<br>2 concerts : Annecy <\/h2>\n\n\n\n<div class=\"wp-block-media-text is-stacked-on-mobile\"><figure class=\"wp-block-media-text__media\"><img loading=\"lazy\" decoding=\"async\" width=\"724\" height=\"1024\" src=\"http:\/\/choeur-schutz.fr\/web_schutz\/wp-content\/uploads\/2024\/09\/voyage-a-Lubeck_240907_084306-1-1-724x1024.jpg\" alt=\"\" class=\"wp-image-20947 size-full\" srcset=\"http:\/\/choeur-schutz.fr\/web_schutz\/wp-content\/uploads\/2024\/09\/voyage-a-Lubeck_240907_084306-1-1-724x1024.jpg 724w, http:\/\/choeur-schutz.fr\/web_schutz\/wp-content\/uploads\/2024\/09\/voyage-a-Lubeck_240907_084306-1-1-212x300.jpg 212w, http:\/\/choeur-schutz.fr\/web_schutz\/wp-content\/uploads\/2024\/09\/voyage-a-Lubeck_240907_084306-1-1-106x150.jpg 106w, http:\/\/choeur-schutz.fr\/web_schutz\/wp-content\/uploads\/2024\/09\/voyage-a-Lubeck_240907_084306-1-1-768x1086.jpg 768w, http:\/\/choeur-schutz.fr\/web_schutz\/wp-content\/uploads\/2024\/09\/voyage-a-Lubeck_240907_084306-1-1-1086x1536.jpg 1086w, http:\/\/choeur-schutz.fr\/web_schutz\/wp-content\/uploads\/2024\/09\/voyage-a-Lubeck_240907_084306-1-1-1448x2048.jpg 1448w, http:\/\/choeur-schutz.fr\/web_schutz\/wp-content\/uploads\/2024\/09\/voyage-a-Lubeck_240907_084306-1-1-scaled.jpg 1810w\" sizes=\"auto, (max-width: 724px) 100vw, 724px\" \/><\/figure><div class=\"wp-block-media-text__content\">\n<p><strong>BUXTEHUDE<\/strong><br><strong>Programme : <\/strong><br><strong>Johann Ludwig BACH<\/strong> : <br><em>Missa Br\u00e9vis<\/em><br><strong>Dietrich Buxtehude <\/strong>:\u00a0<br><em>Herzlich lieb hab ich dich, o Herr<\/em><br><em>Befiehl dem Engel<\/em><br><em>Alles was ihr tut<\/em><br><em>Magnificat<\/em><br><br><strong>Les interpr\u00e8tes:<\/strong><br><strong>Ensemble Vocal Heinrich Sch\u00fctz <\/strong>Florence grasset<br>Doriane Bier<br>Lionel Desmeules <br>Benjamin Ingrao<br>Samuel Moreno<br><strong><br><\/strong>Pierre-Louis Retat<strong><br><br>Direction : Gonzalo Martinez<\/strong><br><\/p>\n<\/div><\/div>\n\n\n\n<h2 class=\"wp-block-heading has-text-align-center has-light-gray-background-color has-background\" style=\"font-size:18px\">Oratorio de No\u00ebl &#8211; Camille Saint Sa\u00ebns<br>1 concert Annecy<\/h2>\n\n\n\n<div class=\"wp-block-media-text is-stacked-on-mobile\"><figure class=\"wp-block-media-text__media\"><img loading=\"lazy\" decoding=\"async\" width=\"724\" height=\"1024\" src=\"http:\/\/choeur-schutz.fr\/web_schutz\/wp-content\/uploads\/2025\/11\/2024-St-Saens-avec-Pro-Musica-724x1024.jpg\" alt=\"\" class=\"wp-image-21108 size-full\" srcset=\"http:\/\/choeur-schutz.fr\/web_schutz\/wp-content\/uploads\/2025\/11\/2024-St-Saens-avec-Pro-Musica-724x1024.jpg 724w, http:\/\/choeur-schutz.fr\/web_schutz\/wp-content\/uploads\/2025\/11\/2024-St-Saens-avec-Pro-Musica-212x300.jpg 212w, http:\/\/choeur-schutz.fr\/web_schutz\/wp-content\/uploads\/2025\/11\/2024-St-Saens-avec-Pro-Musica-106x150.jpg 106w, http:\/\/choeur-schutz.fr\/web_schutz\/wp-content\/uploads\/2025\/11\/2024-St-Saens-avec-Pro-Musica-768x1086.jpg 768w, http:\/\/choeur-schutz.fr\/web_schutz\/wp-content\/uploads\/2025\/11\/2024-St-Saens-avec-Pro-Musica.jpg 1080w\" sizes=\"auto, (max-width: 724px) 100vw, 724px\" \/><\/figure><div class=\"wp-block-media-text__content\">\n<p><strong>Le choeur Pro-Musica d&rsquo;Annecy et l&rsquo;ensemble vocal Heinrich Sch\u00fctz<\/strong><\/p>\n\n\n\n<p><strong>Orchestre philarmonique du Grand Gen\u00e8ve<\/strong><br><br><strong>Elliana d&rsquo;Amato<\/strong> &#8211; Soprano<br><strong>V\u00e9ronique Valdes<\/strong> &#8211; Mezz soprano<br><strong>Coralie Quellier<\/strong> &#8211; Alto<br><strong>Yan Bua<\/strong> &#8211; T\u00e9nor<br><strong>Vincent Cassagrande<\/strong> &#8211; Basse<br><strong>Thibaut Duret<\/strong> &#8211; Orgue<br><br><\/p>\n<\/div><\/div>\n","protected":false},"excerpt":{"rendered":"<p>V\u00eapres romaines au XVIII \u00e8me si\u00e8cle &#8211; Pietro Paolo Paolo BENCINI2 concerts : Annecy et Monnetier Mornex Ensemble Vocal Heinrich Sch\u00fctzSolistes: Florence Grasset &#8211; SopranoLionnel Desmeules &#8211; Alto Instrumentistes :Pierre-Louis Retat &#8211; OrgueCharles-Edouard Fantin &#8211; Th\u00e9orbePatricia Esteban &#8211; Viole de &hellip; <a href=\"http:\/\/choeur-schutz.fr\/web_schutz\/?page_id=21141\">Continuer la lecture <span class=\"meta-nav\">&rarr;<\/span><\/a><\/p>\n","protected":false},"author":1,"featured_media":0,"parent":306,"menu_order":-1,"comment_status":"closed","ping_status":"closed","template":"","meta":{"_acf_changed":false,"footnotes":""},"class_list":["post-21141","page","type-page","status-publish","hentry"],"acf":[],"_links":{"self":[{"href":"http:\/\/choeur-schutz.fr\/web_schutz\/index.php?rest_route=\/wp\/v2\/pages\/21141","targetHints":{"allow":["GET"]}}],"collection":[{"href":"http:\/\/choeur-schutz.fr\/web_schutz\/index.php?rest_route=\/wp\/v2\/pages"}],"about":[{"href":"http:\/\/choeur-schutz.fr\/web_schutz\/index.php?rest_route=\/wp\/v2\/types\/page"}],"author":[{"embeddable":true,"href":"http:\/\/choeur-schutz.fr\/web_schutz\/index.php?rest_route=\/wp\/v2\/users\/1"}],"replies":[{"embeddable":true,"href":"http:\/\/choeur-schutz.fr\/web_schutz\/index.php?rest_route=%2Fwp%2Fv2%2Fcomments&post=21141"}],"version-history":[{"count":2,"href":"http:\/\/choeur-schutz.fr\/web_schutz\/index.php?rest_route=\/wp\/v2\/pages\/21141\/revisions"}],"predecessor-version":[{"id":21159,"href":"http:\/\/choeur-schutz.fr\/web_schutz\/index.php?rest_route=\/wp\/v2\/pages\/21141\/revisions\/21159"}],"up":[{"embeddable":true,"href":"http:\/\/choeur-schutz.fr\/web_schutz\/index.php?rest_route=\/wp\/v2\/pages\/306"}],"wp:attachment":[{"href":"http:\/\/choeur-schutz.fr\/web_schutz\/index.php?rest_route=%2Fwp%2Fv2%2Fmedia&parent=21141"}],"curies":[{"name":"wp","href":"https:\/\/api.w.org\/{rel}","templated":true}]}}