{"id":22,"date":"2014-11-10T08:11:45","date_gmt":"2014-11-10T07:11:45","guid":{"rendered":"http:\/\/choeur-schutz.fr\/web_schutz\/?page_id=22"},"modified":"2026-03-25T19:32:35","modified_gmt":"2026-03-25T18:32:35","slug":"accueil","status":"publish","type":"page","link":"http:\/\/choeur-schutz.fr\/web_schutz\/","title":{"rendered":"Actualit\u00e9s"},"content":{"rendered":"\n<h1 class=\"wp-block-heading has-text-align-center has-background\" style=\"background:radial-gradient(rgba(252,185,0,1) 0%,rgba(255,105,0,1) 100%);font-size:35px\"><meta http-equiv=\"content-type\" content=\"text\/html; charset=utf-8\"><strong>L&rsquo;ensemble vocal Heinrich Sch\u00fctz et La Chapelle Vocale de Lausanne pr\u00e9sentent la <em>Messe en si mineur, BWV 232<\/em> de Jean-S\u00e9bastien BACH.<\/strong><\/h1>\n\n\n\n<h2 class=\"wp-block-heading has-text-align-center has-black-color has-text-color has-background\" style=\"background:radial-gradient(rgb(238,238,238) 0%,rgb(169,184,195) 100%);font-size:18px\">La billetterie est ouverte. <br><a href=\"https:\/\/monbillet.ch\/events\/chapelle-vocale-lausanne-26-bach-messe-en-si-mineur-genevenne-26-bach-messe-en-si-mineur-lausanne\" target=\"_blank\" rel=\"noreferrer noopener\">BILLETTERIE CONCERT GEN\u00c8VE<\/a><br><a href=\"https:\/\/monbillet.ch\/events\/chapelle-vocale-lausanne-26-bach-messe-en-si-mineur-lausanne\" target=\"_blank\" rel=\"noreferrer noopener\">BILLETTERIE CONCERT LAUSANNE<\/a><br>Pour ceux qui le souhaitent un bus, nous mettons un bus \u00e0 disposition des personnes qui auront pris leurs places au d\u00e9part d&rsquo;ANNECY.<br>D\u00e9part de Sainte Berrnadette \u00e0 18H00<br>Arr\u00eat \u00e0 l&rsquo;ARCADIUM \u00e0 18H10<br>Arr\u00eat \u00e0 ALLONZIER \u00e0 18H20<br>Arriv\u00e9e pr\u00e9vue pour l&rsquo;ouverture des portes du temple St Gervais \u00e0 Gen\u00e8ve.<br>Apr\u00e8s avoir r\u00e9serv\u00e9 votre billet sur la plateforme d\u00e9di\u00e9e, vous pouvez r\u00e9server votre place gratuite dans le bus. <br>(Attention 55 places, ne tardez pas!)<br><a href=\"https:\/\/docs.google.com\/forms\/d\/e\/1FAIpQLSf8wFcwleF9XtGKWneefKxkEtTUKMAtUc2zWGtGgQWb1q8m1A\/viewform?fbzx=1632579959395772392\" target=\"_blank\" rel=\"noreferrer noopener\">R\u00c9SERVATION BUS<\/a><br><\/h2>\n\n\n\n<p class=\"has-text-align-center\"><br><br><a href=\"ens.vocal.schutz@gmail.com\">ens.vocal.schutz@gmail.com<\/a><br><\/p>\n\n\n\n<figure class=\"wp-block-image size-large\"><img loading=\"lazy\" decoding=\"async\" width=\"729\" height=\"1024\" src=\"https:\/\/choeur-schutz.fr\/web_schutz\/wp-content\/uploads\/2026\/03\/Affiche-Bach-Messe-en-Si-A5-EVHS-729x1024.jpg\" alt=\"\" class=\"wp-image-21178\" srcset=\"http:\/\/choeur-schutz.fr\/web_schutz\/wp-content\/uploads\/2026\/03\/Affiche-Bach-Messe-en-Si-A5-EVHS-729x1024.jpg 729w, http:\/\/choeur-schutz.fr\/web_schutz\/wp-content\/uploads\/2026\/03\/Affiche-Bach-Messe-en-Si-A5-EVHS-214x300.jpg 214w, http:\/\/choeur-schutz.fr\/web_schutz\/wp-content\/uploads\/2026\/03\/Affiche-Bach-Messe-en-Si-A5-EVHS-107x150.jpg 107w, http:\/\/choeur-schutz.fr\/web_schutz\/wp-content\/uploads\/2026\/03\/Affiche-Bach-Messe-en-Si-A5-EVHS-768x1079.jpg 768w, http:\/\/choeur-schutz.fr\/web_schutz\/wp-content\/uploads\/2026\/03\/Affiche-Bach-Messe-en-Si-A5-EVHS.jpg 900w\" sizes=\"auto, (max-width: 729px) 100vw, 729px\" \/><\/figure>\n\n\n\n<h1 class=\"wp-block-heading has-text-align-center has-background\" style=\"background:radial-gradient(rgba(252,185,0,1) 0%,rgba(255,105,0,1) 100%);font-size:20px\"><strong>\u0152uvre majeure de Jean-S\u00e9bastien Bach, la <em>Messe en si mineur<\/em> fascine par sa puissance et sa dimension spirituelle. Bach commence sa composition dans les ann\u00e9es 1730, en une version br\u00e8ve, pour solliciter le titre de compositeur \u00e0 la cour de Fr\u00e9d\u00e9ric-Auguste II \u00e0 Dresde. Le compositeur ach\u00e8ve l\u2019\u0153uvre au soir de sa vie, en combinant habilement pi\u00e8ces anciennes et nouvelles. Ce m\u00e9lange, loin d\u2019\u00eatre chaotique, cr\u00e9e une unit\u00e9 remarquable qui accompagne un cheminement liturgique profond. La <em>Messe en si mineur<\/em> repr\u00e9sente une sorte de testament musical, de synth\u00e8se de tout le savoir-faire de ce compositeur unique.<\/strong><br><a href=\"https:\/\/choeur-schutz.fr\/web_schutz\/?page_id=170\">En savoir plus<\/a><br><\/h1>\n\n\n\n<h2 class=\"wp-block-heading has-background has-medium-font-size\" style=\"background:radial-gradient(rgba(255,105,0,1) 0%,rgb(207,46,46) 100%)\">A suivre pour d\u00e9but juillet 2026 &#8230;<\/h2>\n\n\n\n<h2 class=\"wp-block-heading has-text-align-center has-white-color has-luminous-vivid-orange-to-vivid-red-gradient-background has-text-color has-background has-link-color wp-elements-2da6d116a99738883322d41491afafd5\" style=\"font-size:26px\">MUSIQUE BAROQUE ESPAGNOLE <br>Splendeurs  baroques <br> Catalogne et Nouvelle Espagne<\/h2>\n\n\n\n<blockquote class=\"wp-block-quote is-layout-flow wp-block-quote-is-layout-flow\">\n<div class=\"wp-block-buttons is-layout-flex wp-block-buttons-is-layout-flex\">\n\n<\/div>\n<\/blockquote>\n\n\n\n<p class=\"has-black-color has-light-gray-background-color has-text-color has-background\"><strong>Nous recherchons toujours  t\u00e9nors, Alti &#8230;<br>Vous \u00eates bon chanteur, bon lecteur, contactez nous :<br>ens.vocal.schutz@gmail.com<\/strong><\/p>\n\n\n\n<div class=\"wp-block-columns alignwide are-vertically-aligned-center has-white-color has-text-color is-layout-flex wp-container-core-columns-is-layout-9d6595d7 wp-block-columns-is-layout-flex\">\n<div class=\"wp-block-column is-vertically-aligned-center is-layout-flow wp-block-column-is-layout-flow\" style=\"flex-basis:47%\"><\/div>\n\n\n\n<div class=\"wp-block-column is-vertically-aligned-center is-layout-flow wp-block-column-is-layout-flow\" style=\"flex-basis:53%\"><\/div>\n<\/div>\n\n\n\n<p><\/p>\n","protected":false},"excerpt":{"rendered":"<p>L&rsquo;ensemble vocal Heinrich Sch\u00fctz et La Chapelle Vocale de Lausanne pr\u00e9sentent la Messe en si mineur, BWV 232 de Jean-S\u00e9bastien BACH. La billetterie est ouverte. BILLETTERIE CONCERT GEN\u00c8VEBILLETTERIE CONCERT LAUSANNEPour ceux qui le souhaitent un bus, nous mettons un bus &hellip; <a href=\"http:\/\/choeur-schutz.fr\/web_schutz\/\">Continuer la lecture <span class=\"meta-nav\">&rarr;<\/span><\/a><\/p>\n","protected":false},"author":1,"featured_media":0,"parent":0,"menu_order":1,"comment_status":"closed","ping_status":"closed","template":"","meta":{"_acf_changed":false,"footnotes":""},"class_list":["post-22","page","type-page","status-publish","hentry"],"acf":[],"_links":{"self":[{"href":"http:\/\/choeur-schutz.fr\/web_schutz\/index.php?rest_route=\/wp\/v2\/pages\/22","targetHints":{"allow":["GET"]}}],"collection":[{"href":"http:\/\/choeur-schutz.fr\/web_schutz\/index.php?rest_route=\/wp\/v2\/pages"}],"about":[{"href":"http:\/\/choeur-schutz.fr\/web_schutz\/index.php?rest_route=\/wp\/v2\/types\/page"}],"author":[{"embeddable":true,"href":"http:\/\/choeur-schutz.fr\/web_schutz\/index.php?rest_route=\/wp\/v2\/users\/1"}],"replies":[{"embeddable":true,"href":"http:\/\/choeur-schutz.fr\/web_schutz\/index.php?rest_route=%2Fwp%2Fv2%2Fcomments&post=22"}],"version-history":[{"count":306,"href":"http:\/\/choeur-schutz.fr\/web_schutz\/index.php?rest_route=\/wp\/v2\/pages\/22\/revisions"}],"predecessor-version":[{"id":21194,"href":"http:\/\/choeur-schutz.fr\/web_schutz\/index.php?rest_route=\/wp\/v2\/pages\/22\/revisions\/21194"}],"wp:attachment":[{"href":"http:\/\/choeur-schutz.fr\/web_schutz\/index.php?rest_route=%2Fwp%2Fv2%2Fmedia&parent=22"}],"curies":[{"name":"wp","href":"https:\/\/api.w.org\/{rel}","templated":true}]}}