{"id":40,"date":"2013-01-14T20:10:25","date_gmt":"2013-01-14T19:10:25","guid":{"rendered":"http:\/\/choeur-schutz.fr\/web_schutz\/?page_id=40"},"modified":"2018-02-16T21:28:51","modified_gmt":"2018-02-16T20:28:51","slug":"membres","status":"publish","type":"page","link":"http:\/\/choeur-schutz.fr\/web_schutz\/?page_id=40","title":{"rendered":"L&rsquo;ENSEMBLE VOCAL"},"content":{"rendered":"<p style=\"text-align: left;\">L&rsquo;ensemble vocal f\u00fbt fond\u00e9 en 1984 par Michel Daudin. Depuis f\u00e9vrier 1990, il est dirig\u00e9 par Gonzalo Martinez.<\/p>\n<p style=\"text-align: left;\">Depuis sa cr\u00e9ation, cet ensemble vocal a toujours mis\u00e9 sur une am\u00e9lioration constante de sa qualit\u00e9: par le professionnalisme de ses chefs successifs et par le recrutement de ses choristes choisis individuellement par le chef de choeur.<\/p>\n<p style=\"text-align: left;\">Aujourd&rsquo;hui, l&rsquo;Ensemble vocal est form\u00e9 d&rsquo;une quarantaine de choristes de la r\u00e9gion (Haute-Savoie, Savoie, Ain, Suisse), tous amateurs. Les r\u00e9p\u00e9titions ont lieu \u00e0 Annecy, un week end par mois. Qualit\u00e9 et exigence sont au programme mais aussi convivialit\u00e9 et bonne humeur. Le partage du repas du\u00a0dimanche midi et les week-ends de Pentec\u00f4te en r\u00e9sidence contribuent \u00e0 instaurer une bonne relation entre tous.<\/p>\n<p style=\"text-align: left;\">Son r\u00e9pertoire principalement consacr\u00e9 \u00e0 la musique baroque peut s&rsquo;\u00e9largir jusqu&rsquo;\u00e0 la p\u00e9riode contemporaine.\u00a0<span style=\"color: #333333; font-style: normal;\">Par ces comp\u00e9tences, l&rsquo;ensemble vocal ajoute chaque ann\u00e9e \u00e0 son r\u00e9pertoire de 2 \u00e0 4 programmes.<\/span><\/p>\n<p>L&rsquo;ensemble vocal s&rsquo;est produit dans de nombreux festivals:<\/p>\n<ul>\n<li>Festival des Bauges<\/li>\n<li>Festival des heures d&rsquo;orgues de Chamonix<\/li>\n<li>Festival Faur\u00e9 d&rsquo;Annecy Le vieux<\/li>\n<li>Festival baroque du Mont-Blanc<\/li>\n<li>Festival de Lutry (Suisse)<\/li>\n<li>&#8230;<\/li>\n<\/ul>\n<p>&nbsp;<\/p>\n","protected":false},"excerpt":{"rendered":"<p>L&rsquo;ensemble vocal f\u00fbt fond\u00e9 en 1984 par Michel Daudin. Depuis f\u00e9vrier 1990, il est dirig\u00e9 par Gonzalo Martinez. Depuis sa cr\u00e9ation, cet ensemble vocal a toujours mis\u00e9 sur une am\u00e9lioration constante de sa qualit\u00e9: par le professionnalisme de ses chefs &hellip; <a href=\"http:\/\/choeur-schutz.fr\/web_schutz\/?page_id=40\">Continuer la lecture <span class=\"meta-nav\">&rarr;<\/span><\/a><\/p>\n","protected":false},"author":1,"featured_media":0,"parent":879,"menu_order":1,"comment_status":"open","ping_status":"open","template":"","meta":{"_acf_changed":false,"footnotes":""},"class_list":["post-40","page","type-page","status-publish","hentry"],"acf":[],"_links":{"self":[{"href":"http:\/\/choeur-schutz.fr\/web_schutz\/index.php?rest_route=\/wp\/v2\/pages\/40","targetHints":{"allow":["GET"]}}],"collection":[{"href":"http:\/\/choeur-schutz.fr\/web_schutz\/index.php?rest_route=\/wp\/v2\/pages"}],"about":[{"href":"http:\/\/choeur-schutz.fr\/web_schutz\/index.php?rest_route=\/wp\/v2\/types\/page"}],"author":[{"embeddable":true,"href":"http:\/\/choeur-schutz.fr\/web_schutz\/index.php?rest_route=\/wp\/v2\/users\/1"}],"replies":[{"embeddable":true,"href":"http:\/\/choeur-schutz.fr\/web_schutz\/index.php?rest_route=%2Fwp%2Fv2%2Fcomments&post=40"}],"version-history":[{"count":16,"href":"http:\/\/choeur-schutz.fr\/web_schutz\/index.php?rest_route=\/wp\/v2\/pages\/40\/revisions"}],"predecessor-version":[{"id":43,"href":"http:\/\/choeur-schutz.fr\/web_schutz\/index.php?rest_route=\/wp\/v2\/pages\/40\/revisions\/43"}],"up":[{"embeddable":true,"href":"http:\/\/choeur-schutz.fr\/web_schutz\/index.php?rest_route=\/wp\/v2\/pages\/879"}],"wp:attachment":[{"href":"http:\/\/choeur-schutz.fr\/web_schutz\/index.php?rest_route=%2Fwp%2Fv2%2Fmedia&parent=40"}],"curies":[{"name":"wp","href":"https:\/\/api.w.org\/{rel}","templated":true}]}}