{"id":79,"date":"2013-03-22T21:50:54","date_gmt":"2013-03-22T20:50:54","guid":{"rendered":"http:\/\/choeur-schutz.fr\/web_schutz\/?page_id=79"},"modified":"2024-09-18T20:46:57","modified_gmt":"2024-09-18T19:46:57","slug":"articles-de-presse","status":"publish","type":"page","link":"http:\/\/choeur-schutz.fr\/web_schutz\/?page_id=79","title":{"rendered":"PRESSE"},"content":{"rendered":"<h1><span style=\"color: #333399;\">Dauphin\u00e9 Lib\u00e9r\u00e9 &#8211; Concert Franz Liszt &#8211; Annecy &#8211; Avril 2023<\/span><br \/>\n<a href=\"http:\/\/choeur-schutz.fr\/web_schutz\/wp-content\/uploads\/2023\/05\/CONCERT-SCHUTZ-EGLISE-ITALIENS-ANNECY-scaled.jpg\" data-rel=\"lightbox-image-0\" data-rl_title=\"\" data-rl_caption=\"\" title=\"\"><img loading=\"lazy\" decoding=\"async\" class=\"alignnone size-full wp-image-20851\" src=\"http:\/\/choeur-schutz.fr\/web_schutz\/wp-content\/uploads\/2023\/05\/CONCERT-SCHUTZ-EGLISE-ITALIENS-ANNECY-scaled.jpg\" alt=\"\" width=\"2560\" height=\"1391\" srcset=\"http:\/\/choeur-schutz.fr\/web_schutz\/wp-content\/uploads\/2023\/05\/CONCERT-SCHUTZ-EGLISE-ITALIENS-ANNECY-scaled.jpg 2560w, http:\/\/choeur-schutz.fr\/web_schutz\/wp-content\/uploads\/2023\/05\/CONCERT-SCHUTZ-EGLISE-ITALIENS-ANNECY-300x163.jpg 300w, http:\/\/choeur-schutz.fr\/web_schutz\/wp-content\/uploads\/2023\/05\/CONCERT-SCHUTZ-EGLISE-ITALIENS-ANNECY-1024x556.jpg 1024w, http:\/\/choeur-schutz.fr\/web_schutz\/wp-content\/uploads\/2023\/05\/CONCERT-SCHUTZ-EGLISE-ITALIENS-ANNECY-150x82.jpg 150w, http:\/\/choeur-schutz.fr\/web_schutz\/wp-content\/uploads\/2023\/05\/CONCERT-SCHUTZ-EGLISE-ITALIENS-ANNECY-768x417.jpg 768w, http:\/\/choeur-schutz.fr\/web_schutz\/wp-content\/uploads\/2023\/05\/CONCERT-SCHUTZ-EGLISE-ITALIENS-ANNECY-1536x835.jpg 1536w, http:\/\/choeur-schutz.fr\/web_schutz\/wp-content\/uploads\/2023\/05\/CONCERT-SCHUTZ-EGLISE-ITALIENS-ANNECY-2048x1113.jpg 2048w, http:\/\/choeur-schutz.fr\/web_schutz\/wp-content\/uploads\/2023\/05\/CONCERT-SCHUTZ-EGLISE-ITALIENS-ANNECY-500x272.jpg 500w\" sizes=\"auto, (max-width: 2560px) 100vw, 2560px\" \/><\/a><\/h1>\n<h1><\/h1>\n<h1 style=\"text-align: left;\"><span style=\"color: #666699;\">Dauphin\u00e9 Lib\u00e9r\u00e9 &#8211; Concert de Beaumont &#8211; Durante et Caldara &#8211;\u00a024 septembre 2017<\/span><\/h1>\n<p>Un Choeur enthousiasmant<\/p>\n<p>Dimanche, l\u2019\u00e9glise Saint Etienne de Beaumont a vibr\u00e9 une derni\u00e8re fois avec l\u2019Ensemble Vocal\u00a0Heinrich Sch\u00fctz et l\u2019Ensemble Instrumental Baroque. Les vingt-huit choristes accompagn\u00e9s des\u00a0cinq musiciens ont su, tout au long d\u2019un concert d\u2019une heure et demi, emporter un public de\u00a0m\u00e9lomanes fid\u00e8les aux Orgues de Beaumont et venus en grand nombre pour cette fin de saison riche\u00a0en \u00e9v\u00e9nements musicaux.<br \/>\nC\u2019est sous la direction magistrale de Gonzalo Martinez que ce choeur a pris toute son amplitude avec\u00a0pour postulat la recherche essentielle d\u2019une couleur et d\u2019une justesse vocales. La fusion des timbres\u00a0est primordiale afin de restituer au mieux l\u2019oeuvre des compositeurs.<br \/>\nLe programme tr\u00e8s charg\u00e9 a d\u00e9but\u00e9 par un Graduale per Sta Croce (pour double choeur) puis un\u00a0somptueux All\u00e9luia et enfin un Chirie a 8 stromenti (Kyrie \u00e0 huit voix) du compositeur Antonio\u00a0Caldara. Pour conclure, un Requiem en sol mineur pour choeur et ensemble instrumental baroque\u00a0de Francesco Durante d\u00e9clencha un tonnerre d\u2019applaudissements largement m\u00e9rit\u00e9s. J.C.<\/p>\n<h1><span style=\"color: #666699;\">Dauphin\u00e9 Lib\u00e9r\u00e9 &#8211; Concert de Beauri\u00e8res &#8211; Musique Italienne &#8211; \u00a024 mai 2015<\/span><\/h1>\n<p><a href=\"http:\/\/choeur-schutz.fr\/web_schutz\/wp-content\/uploads\/2013\/03\/2015-article-concert-apr\u00e8s-Beauri\u00e8res-e1433620101361.jpg\" data-rel=\"lightbox-image-1\" data-rl_title=\"\" data-rl_caption=\"\" title=\"\"><img loading=\"lazy\" decoding=\"async\" class=\"alignnone size-full wp-image-432\" src=\"http:\/\/choeur-schutz.fr\/web_schutz\/wp-content\/uploads\/2013\/03\/2015-article-concert-apr\u00e8s-Beauri\u00e8res-e1433620101361.jpg\" alt=\"2015 article concert apr\u00e8s Beauri\u00e8res\" width=\"613\" height=\"823\" srcset=\"http:\/\/choeur-schutz.fr\/web_schutz\/wp-content\/uploads\/2013\/03\/2015-article-concert-apr\u00e8s-Beauri\u00e8res-e1433620101361.jpg 613w, http:\/\/choeur-schutz.fr\/web_schutz\/wp-content\/uploads\/2013\/03\/2015-article-concert-apr\u00e8s-Beauri\u00e8res-e1433620101361-112x150.jpg 112w, http:\/\/choeur-schutz.fr\/web_schutz\/wp-content\/uploads\/2013\/03\/2015-article-concert-apr\u00e8s-Beauri\u00e8res-e1433620101361-223x300.jpg 223w, http:\/\/choeur-schutz.fr\/web_schutz\/wp-content\/uploads\/2013\/03\/2015-article-concert-apr\u00e8s-Beauri\u00e8res-e1433620101361-600x806.jpg 600w\" sizes=\"auto, (max-width: 613px) 100vw, 613px\" \/><\/a><\/p>\n<h1><span style=\"color: #666699;\">Dauphin\u00e9 Lib\u00e9r\u00e9 &#8211; Concert de Ferney-Voltaire &#8211; Rameau &#8211; \u00a0D\u00e9cembre 2014<\/span><\/h1>\n<p><a href=\"http:\/\/choeur-schutz.fr\/web_schutz\/wp-content\/uploads\/2015\/04\/Num\u00e9riser-1-e1428910012951.jpeg\" data-rel=\"lightbox-image-2\" data-rl_title=\"\" data-rl_caption=\"\" title=\"\"><img loading=\"lazy\" decoding=\"async\" class=\"alignnone size-full wp-image-405\" src=\"http:\/\/choeur-schutz.fr\/web_schutz\/wp-content\/uploads\/2015\/04\/Num\u00e9riser-1-e1428910012951.jpeg\" alt=\"Num\u00e9riser 1\" width=\"5080\" height=\"876\" srcset=\"http:\/\/choeur-schutz.fr\/web_schutz\/wp-content\/uploads\/2015\/04\/Num\u00e9riser-1-e1428910012951.jpeg 5080w, http:\/\/choeur-schutz.fr\/web_schutz\/wp-content\/uploads\/2015\/04\/Num\u00e9riser-1-e1428910012951-150x26.jpeg 150w, http:\/\/choeur-schutz.fr\/web_schutz\/wp-content\/uploads\/2015\/04\/Num\u00e9riser-1-e1428910012951-300x52.jpeg 300w, http:\/\/choeur-schutz.fr\/web_schutz\/wp-content\/uploads\/2015\/04\/Num\u00e9riser-1-e1428910012951-1024x177.jpeg 1024w, http:\/\/choeur-schutz.fr\/web_schutz\/wp-content\/uploads\/2015\/04\/Num\u00e9riser-1-e1428910012951-600x103.jpeg 600w\" sizes=\"auto, (max-width: 5080px) 100vw, 5080px\" \/><\/a><\/p>\n<div id=\"attachment_407\" style=\"width: 650px\" class=\"wp-caption alignnone\"><a href=\"http:\/\/choeur-schutz.fr\/web_schutz\/wp-content\/uploads\/2015\/04\/Num\u00e9riser.jpeg\" data-rel=\"lightbox-image-3\" data-rl_title=\"\" data-rl_caption=\"\" title=\"\"><img loading=\"lazy\" decoding=\"async\" aria-describedby=\"caption-attachment-407\" class=\"wp-image-407 size-large\" src=\"http:\/\/choeur-schutz.fr\/web_schutz\/wp-content\/uploads\/2015\/04\/Num\u00e9riser-955x1024.jpeg\" alt=\"Num\u00e9riser\" width=\"640\" height=\"686\" srcset=\"http:\/\/choeur-schutz.fr\/web_schutz\/wp-content\/uploads\/2015\/04\/Num\u00e9riser-955x1024.jpeg 955w, http:\/\/choeur-schutz.fr\/web_schutz\/wp-content\/uploads\/2015\/04\/Num\u00e9riser-140x150.jpeg 140w, http:\/\/choeur-schutz.fr\/web_schutz\/wp-content\/uploads\/2015\/04\/Num\u00e9riser-280x300.jpeg 280w, http:\/\/choeur-schutz.fr\/web_schutz\/wp-content\/uploads\/2015\/04\/Num\u00e9riser-600x644.jpeg 600w\" sizes=\"auto, (max-width: 640px) 100vw, 640px\" \/><\/a><p id=\"caption-attachment-407\" class=\"wp-caption-text\">Un article paru dans le Dauphin\u00e9 Lib\u00e9r\u00e9 &#8211; D\u00e9cembre 2014 (Suzanne Bel)<\/p><\/div>\n<p>&nbsp;<\/p>\n<div id=\"attachment_406\" style=\"width: 281px\" class=\"wp-caption aligncenter\"><a href=\"http:\/\/choeur-schutz.fr\/web_schutz\/wp-content\/uploads\/2015\/04\/Num\u00e9riser-2-e1428910239708.jpeg\" data-rel=\"lightbox-image-4\" data-rl_title=\"\" data-rl_caption=\"\" title=\"\"><img loading=\"lazy\" decoding=\"async\" aria-describedby=\"caption-attachment-406\" class=\"wp-image-406 size-large\" src=\"http:\/\/choeur-schutz.fr\/web_schutz\/wp-content\/uploads\/2015\/04\/Num\u00e9riser-2-e1428910239708-271x1024.jpeg\" alt=\"Num\u00e9riser 2\" width=\"271\" height=\"1024\" srcset=\"http:\/\/choeur-schutz.fr\/web_schutz\/wp-content\/uploads\/2015\/04\/Num\u00e9riser-2-e1428910239708-271x1024.jpeg 271w, http:\/\/choeur-schutz.fr\/web_schutz\/wp-content\/uploads\/2015\/04\/Num\u00e9riser-2-e1428910239708-40x150.jpeg 40w, http:\/\/choeur-schutz.fr\/web_schutz\/wp-content\/uploads\/2015\/04\/Num\u00e9riser-2-e1428910239708-79x300.jpeg 79w, http:\/\/choeur-schutz.fr\/web_schutz\/wp-content\/uploads\/2015\/04\/Num\u00e9riser-2-e1428910239708-600x2270.jpeg 600w\" sizes=\"auto, (max-width: 271px) 100vw, 271px\" \/><\/a><p id=\"caption-attachment-406\" class=\"wp-caption-text\">A la fin de l&rsquo;article, il faut lire: \u00ab\u00a0Le si\u00e8cle des Lumi\u00e8res s&#8217;emparent de cette oeuvre, sur une partition sp\u00e9cialement \u00e9tablie par le musicien Nicolas Sceaux, une soir\u00e9e \u00e0 ne pas manquer.\u00a0\u00bb<\/p><\/div>\n<h1><span style=\"color: #666699;\">Dauphin\u00e9 Lib\u00e9r\u00e9 &#8211; Concerts \u00e0 Annecy et Thorens-Gli\u00e8res &#8211; Brahms &#8211; mars 2013<\/span><\/h1>\n<div id=\"attachment_140\" style=\"width: 1282px\" class=\"wp-caption alignnone\"><a href=\"http:\/\/choeur-schutz.fr\/web_schutz\/wp-content\/uploads\/2013\/03\/2013-03Dauphin\u00e9-Brahms-.jpg\" data-rel=\"lightbox-image-5\" data-rl_title=\"\" data-rl_caption=\"\" title=\"\"><img loading=\"lazy\" decoding=\"async\" aria-describedby=\"caption-attachment-140\" class=\"size-full wp-image-140\" src=\"http:\/\/choeur-schutz.fr\/web_schutz\/wp-content\/uploads\/2013\/03\/2013-03Dauphin\u00e9-Brahms-.jpg\" alt=\"2 articles parus apr\u00e8s le Requiem de Brahms.\" width=\"1272\" height=\"1336\" srcset=\"http:\/\/choeur-schutz.fr\/web_schutz\/wp-content\/uploads\/2013\/03\/2013-03Dauphin\u00e9-Brahms-.jpg 1272w, http:\/\/choeur-schutz.fr\/web_schutz\/wp-content\/uploads\/2013\/03\/2013-03Dauphin\u00e9-Brahms--285x300.jpg 285w, http:\/\/choeur-schutz.fr\/web_schutz\/wp-content\/uploads\/2013\/03\/2013-03Dauphin\u00e9-Brahms--974x1024.jpg 974w\" sizes=\"auto, (max-width: 1272px) 100vw, 1272px\" \/><\/a><p id=\"caption-attachment-140\" class=\"wp-caption-text\">2 articles parus apr\u00e8s le Requiem de Brahms.<\/p><\/div>\n<h1><\/h1>\n<h1><span style=\"color: #666699;\">Le radieux floril\u00e8ge de musiques vocales du Festival d\u2019orgue, 2012<\/span><\/h1>\n<p>Le second concert du Festival d\u2019orgue 2012 offrait un plateau musical exceptionnel au public dans un temple de Ferney, plein \u00e0 craquer.\u00a0<a href=\"http:\/\/ensemblevocalschutz.files.wordpress.com\/2012\/10\/schc3bctz-gonzalo-trc3a8s-bien.jpg\" data-rel=\"lightbox-image-6\" data-rl_title=\"\" data-rl_caption=\"\"><img loading=\"lazy\" decoding=\"async\" title=\"\" src=\"http:\/\/ensemblevocalschutz.files.wordpress.com\/2012\/10\/schc3bctz-gonzalo-trc3a8s-bien.jpg?w=300\" alt=\"\" width=\"300\" height=\"199\" \/><\/a><\/p>\n<p>Le floril\u00e8ge d\u2019\u0153uvres pr\u00e9sent\u00e9es, les musiques vocales oubli\u00e9es du XVIe, XVIIe et XVIIIe si\u00e8cle, et la qualit\u00e9 de ce concert dirig\u00e9 par Gonzalo Martinez, \u00e9blouissait.<br \/>\nLes voix fondues du ch\u0153ur, chantaient, en premi\u00e8re partie du concert, dans une coh\u00e9sion parfaite, des ch\u0153urs de Giovanni Palestrina. La raret\u00e9 de ce concert trouvait son apoth\u00e9ose avec le c\u00e9l\u00e8bre Crucifixus d\u2019Antonio Lotti et les \u0153uvres du v\u00e9nitien Giovanni Giorgi. Une beaut\u00e9 sereine, se d\u00e9gageait des lignes m\u00e9lodiques simples des oeuvres, accompagn\u00e9es par un contrepoint joliment fleuri de l\u2019organiste du ch\u0153ur Bernhard Lang, des musiciens de l\u2019ensemble Jean-Luc Ho, \u00e0 l\u2019orgue, Adrien Mabire au cornet \u00e0 bouquin et Sandrine Dup\u00e9 au violon baroque, dans une virtuosit\u00e9 exemplaire. Gonzalo Martinez, chef \u00e0 la direction subtile et nuanc\u00e9e et tr\u00e8s pr\u00e9cise conduisait l\u2019ensemble \u00e0 une apoth\u00e9ose chaudement applaudie.<br \/>\nCette matin\u00e9e musicale connaissait cependant une note de tristesse. Pierre Maillard, pr\u00e9sident des Amis de l\u2019orgue, rappelait que \u00ab ce Festival soufflait les dix bougies de l\u2019association et qu\u2019il \u00e9tait d\u00e9di\u00e9 \u00e0 la m\u00e9moire d\u2019Anne-Marie Vanier, directrice du conservatoire de Ferney et membre du comit\u00e9, d\u00e9c\u00e9d\u00e9e r\u00e9cemment. \u00bb<br \/>\nSuzanne BEL<\/p>\n<p><span style=\"border-top-left-radius: 2px; border-top-right-radius: 2px; border-bottom-right-radius: 2px; border-bottom-left-radius: 2px; text-indent: 20px; width: auto; padding: 0px 4px 0px 0px; text-align: center; font-style: normal; font-variant-caps: normal; font-weight: bold; font-size: 11px; line-height: 20px; font-family: 'Helvetica Neue', Helvetica, sans-serif; color: #ffffff; background-image: url(data:image\/svg+xml; base64,phn2zyb4bwxucz0iahr0cdovl3d3dy53my5vcmcvmjawmc9zdmciighlawdodd0imzbwecigd2lkdgg9ijmwchgiihzpzxdcb3g9ii0xic0xidmxidmxij48zz48cgf0acbkpsjnmjkundq5lde0ljy2mibdmjkundq5ldiyljcymiaymi44njgsmjkumju2ide0ljc1ldi5lji1nibdni42mzismjkumju2idaumduxldiyljcymiawlja1mswxnc42njigqzaumduxldyunjaxidyunjmyldaumdy3ide0ljc1ldaumdy3iemymi44njgsmc4wnjcgmjkundq5ldyunjaxidi5ljq0oswxnc42njiiigzpbgw9iinmzmyiihn0cm9rzt0ii2zmziigc3ryb2tllxdpzhropsixij48l3bhdgg+phbhdgggzd0itte0ljczmywxljy4nibdny41mtysms42odygms42njusny40otugms42njusmtqunjyyiemxljy2nswymc4xntkgns4xmdksmjquodu0idkuotcsmjyunzq0iem5ljg1niwyns43mtggos43ntmsmjqumtqzidewljaxniwymy4wmjigqzewlji1mywymi4wmsaxms41ndgsmtyuntcyidexlju0ocwxni41nzigqzexlju0ocwxni41nzigmteumtu3lde1ljc5nsaxms4xntcsmtqunjq2iemxms4xntcsmtiuodqyideyljixmswxms40otugmtmuntiyldexljq5nsbdmtqunjm3ldexljq5nsaxns4xnzusmtiumzi2ide1lje3nswxmy4zmjmgqze1lje3nswxnc40mzygmtqundyylde2ljegmtqumdkzlde3ljy0mybdmtmunzg1lde4ljkznsaxnc43ndusmtkuotg4ide2ljayocwxos45odggqze4ljm1mswxos45odggmjaumtm2lde3lju1niaymc4xmzysmtqumdq2iemymc4xmzysmtauotm5ide3ljg4ocw4ljc2nyaxnc42nzgsoc43njcgqzewljk1osw4ljc2nya4ljc3nywxms41mzygoc43nzcsmtqumzk4iem4ljc3nywxns41mtmgos4ymswxni43mdkgos43ndksmtcumzu5iem5ljg1niwxny40odggos44nzismtcunia5ljg0lde3ljczmsbdos43ndesmtgumtqxidkuntismtkumdizidkundc3lde5ljiwmybdos40miwxos40nca5lji4ocwxos40otegos4wncwxos4znzygqzcunda4lde4ljyymia2ljm4nywxni4yntigni4zodcsmtqumzq5iem2ljm4nywxmc4yntygos4zodmsni40otcgmtuumdiyldyundk3iemxos41ntusni40otcgmjmumdc4ldkunza1idizlja3ocwxmy45otegqzizlja3ocwxoc40njmgmjaumjm5ldiylja2miaxni4yotcsmjiumdyyiemxnc45nzmsmjiumdyyidezljcyocwyms4znzkgmtmumzayldiwlju3mibdmtmumzayldiwlju3miaxmi42ndcsmjmumdugmtiundg4ldizljy1nybdmtiumtkzldi0ljc4ncaxms4zotysmjyumtk2idewljg2mywyny4wntggqzeylja4niwyny40mzqgmtmumzg2ldi3ljyznyaxnc43mzmsmjcunjm3iemyms45nswyny42mzcgmjcuodaxldixljgyocayny44mdesmtqunjyyiemyny44mdesny40otugmjeuotusms42odygmtqunzmzldeunjg2iibmawxspsijymqwodfjij48l3bhdgg+pc9npjwvc3znpg==); background-color: #bd081c; background-size: 14px; position: absolute; opacity: 1; z-index: 8675309; display: none; cursor: pointer; border: none; -webkit-font-smoothing: antialiased; top: 3497px; left: 29px; background-position: 3px 50%; background-repeat: no-repeat no-repeat;\">Enregistrer<\/span><span style=\"border-top-left-radius: 2px; border-top-right-radius: 2px; border-bottom-right-radius: 2px; border-bottom-left-radius: 2px; text-indent: 20px; width: auto; padding: 0px 4px 0px 0px; text-align: center; font-style: normal; font-variant-caps: normal; font-weight: bold; font-size: 11px; line-height: 20px; font-family: 'Helvetica Neue', Helvetica, sans-serif; color: #ffffff; background-image: url(data:image\/svg+xml; base64,phn2zyb4bwxucz0iahr0cdovl3d3dy53my5vcmcvmjawmc9zdmciighlawdodd0imzbwecigd2lkdgg9ijmwchgiihzpzxdcb3g9ii0xic0xidmxidmxij48zz48cgf0acbkpsjnmjkundq5lde0ljy2mibdmjkundq5ldiyljcymiaymi44njgsmjkumju2ide0ljc1ldi5lji1nibdni42mzismjkumju2idaumduxldiyljcymiawlja1mswxnc42njigqzaumduxldyunjaxidyunjmyldaumdy3ide0ljc1ldaumdy3iemymi44njgsmc4wnjcgmjkundq5ldyunjaxidi5ljq0oswxnc42njiiigzpbgw9iinmzmyiihn0cm9rzt0ii2zmziigc3ryb2tllxdpzhropsixij48l3bhdgg+phbhdgggzd0itte0ljczmywxljy4nibdny41mtysms42odygms42njusny40otugms42njusmtqunjyyiemxljy2nswymc4xntkgns4xmdksmjquodu0idkuotcsmjyunzq0iem5ljg1niwyns43mtggos43ntmsmjqumtqzidewljaxniwymy4wmjigqzewlji1mywymi4wmsaxms41ndgsmtyuntcyidexlju0ocwxni41nzigqzexlju0ocwxni41nzigmteumtu3lde1ljc5nsaxms4xntcsmtqunjq2iemxms4xntcsmtiuodqyideyljixmswxms40otugmtmuntiyldexljq5nsbdmtqunjm3ldexljq5nsaxns4xnzusmtiumzi2ide1lje3nswxmy4zmjmgqze1lje3nswxnc40mzygmtqundyylde2ljegmtqumdkzlde3ljy0mybdmtmunzg1lde4ljkznsaxnc43ndusmtkuotg4ide2ljayocwxos45odggqze4ljm1mswxos45odggmjaumtm2lde3lju1niaymc4xmzysmtqumdq2iemymc4xmzysmtauotm5ide3ljg4ocw4ljc2nyaxnc42nzgsoc43njcgqzewljk1osw4ljc2nya4ljc3nywxms41mzygoc43nzcsmtqumzk4iem4ljc3nywxns41mtmgos4ymswxni43mdkgos43ndksmtcumzu5iem5ljg1niwxny40odggos44nzismtcunia5ljg0lde3ljczmsbdos43ndesmtgumtqxidkuntismtkumdizidkundc3lde5ljiwmybdos40miwxos40nca5lji4ocwxos40otegos4wncwxos4znzygqzcunda4lde4ljyymia2ljm4nywxni4yntigni4zodcsmtqumzq5iem2ljm4nywxmc4yntygos4zodmsni40otcgmtuumdiyldyundk3iemxos41ntusni40otcgmjmumdc4ldkunza1idizlja3ocwxmy45otegqzizlja3ocwxoc40njmgmjaumjm5ldiylja2miaxni4yotcsmjiumdyyiemxnc45nzmsmjiumdyyidezljcyocwyms4znzkgmtmumzayldiwlju3mibdmtmumzayldiwlju3miaxmi42ndcsmjmumdugmtiundg4ldizljy1nybdmtiumtkzldi0ljc4ncaxms4zotysmjyumtk2idewljg2mywyny4wntggqzeylja4niwyny40mzqgmtmumzg2ldi3ljyznyaxnc43mzmsmjcunjm3iemyms45nswyny42mzcgmjcuodaxldixljgyocayny44mdesmtqunjyyiemyny44mdesny40otugmjeuotusms42odygmtqunzmzldeunjg2iibmawxspsijymqwodfjij48l3bhdgg+pc9npjwvc3znpg==); background-color: #bd081c; background-size: 14px; position: absolute; opacity: 1; z-index: 8675309; display: none; cursor: pointer; border: none; -webkit-font-smoothing: antialiased; top: 3497px; left: 29px; background-position: 3px 50%; background-repeat: no-repeat no-repeat;\">Enregistrer<\/span><\/p>\n<p><span style=\"border-top-left-radius: 2px; border-top-right-radius: 2px; border-bottom-right-radius: 2px; border-bottom-left-radius: 2px; text-indent: 20px; width: auto; padding: 0px 4px 0px 0px; text-align: center; font-style: normal; font-variant-caps: normal; font-weight: bold; font-size: 11px; line-height: 20px; font-family: 'Helvetica Neue', Helvetica, sans-serif; color: #ffffff; background-image: url(data:image\/svg+xml; base64,phn2zyb4bwxucz0iahr0cdovl3d3dy53my5vcmcvmjawmc9zdmciighlawdodd0imzbwecigd2lkdgg9ijmwchgiihzpzxdcb3g9ii0xic0xidmxidmxij48zz48cgf0acbkpsjnmjkundq5lde0ljy2mibdmjkundq5ldiyljcymiaymi44njgsmjkumju2ide0ljc1ldi5lji1nibdni42mzismjkumju2idaumduxldiyljcymiawlja1mswxnc42njigqzaumduxldyunjaxidyunjmyldaumdy3ide0ljc1ldaumdy3iemymi44njgsmc4wnjcgmjkundq5ldyunjaxidi5ljq0oswxnc42njiiigzpbgw9iinmzmyiihn0cm9rzt0ii2zmziigc3ryb2tllxdpzhropsixij48l3bhdgg+phbhdgggzd0itte0ljczmywxljy4nibdny41mtysms42odygms42njusny40otugms42njusmtqunjyyiemxljy2nswymc4xntkgns4xmdksmjquodu0idkuotcsmjyunzq0iem5ljg1niwyns43mtggos43ntmsmjqumtqzidewljaxniwymy4wmjigqzewlji1mywymi4wmsaxms41ndgsmtyuntcyidexlju0ocwxni41nzigqzexlju0ocwxni41nzigmteumtu3lde1ljc5nsaxms4xntcsmtqunjq2iemxms4xntcsmtiuodqyideyljixmswxms40otugmtmuntiyldexljq5nsbdmtqunjm3ldexljq5nsaxns4xnzusmtiumzi2ide1lje3nswxmy4zmjmgqze1lje3nswxnc40mzygmtqundyylde2ljegmtqumdkzlde3ljy0mybdmtmunzg1lde4ljkznsaxnc43ndusmtkuotg4ide2ljayocwxos45odggqze4ljm1mswxos45odggmjaumtm2lde3lju1niaymc4xmzysmtqumdq2iemymc4xmzysmtauotm5ide3ljg4ocw4ljc2nyaxnc42nzgsoc43njcgqzewljk1osw4ljc2nya4ljc3nywxms41mzygoc43nzcsmtqumzk4iem4ljc3nywxns41mtmgos4ymswxni43mdkgos43ndksmtcumzu5iem5ljg1niwxny40odggos44nzismtcunia5ljg0lde3ljczmsbdos43ndesmtgumtqxidkuntismtkumdizidkundc3lde5ljiwmybdos40miwxos40nca5lji4ocwxos40otegos4wncwxos4znzygqzcunda4lde4ljyymia2ljm4nywxni4yntigni4zodcsmtqumzq5iem2ljm4nywxmc4yntygos4zodmsni40otcgmtuumdiyldyundk3iemxos41ntusni40otcgmjmumdc4ldkunza1idizlja3ocwxmy45otegqzizlja3ocwxoc40njmgmjaumjm5ldiylja2miaxni4yotcsmjiumdyyiemxnc45nzmsmjiumdyyidezljcyocwyms4znzkgmtmumzayldiwlju3mibdmtmumzayldiwlju3miaxmi42ndcsmjmumdugmtiundg4ldizljy1nybdmtiumtkzldi0ljc4ncaxms4zotysmjyumtk2idewljg2mywyny4wntggqzeylja4niwyny40mzqgmtmumzg2ldi3ljyznyaxnc43mzmsmjcunjm3iemyms45nswyny42mzcgmjcuodaxldixljgyocayny44mdesmtqunjyyiemyny44mdesny40otugmjeuotusms42odygmtqunzmzldeunjg2iibmawxspsijymqwodfjij48l3bhdgg+pc9npjwvc3znpg==); background-color: #bd081c; background-size: 14px; position: absolute; opacity: 1; z-index: 8675309; display: none; cursor: pointer; border: none; -webkit-font-smoothing: antialiased; background-position: 3px 50%; background-repeat: no-repeat no-repeat;\">Enregistrer<\/span><span style=\"border-top-left-radius: 2px; border-top-right-radius: 2px; border-bottom-right-radius: 2px; border-bottom-left-radius: 2px; text-indent: 20px; width: auto; padding: 0px 4px 0px 0px; text-align: center; font-style: normal; font-variant-caps: normal; font-weight: bold; font-size: 11px; line-height: 20px; font-family: 'Helvetica Neue', Helvetica, sans-serif; color: #ffffff; background-image: url(data:image\/svg+xml; base64,phn2zyb4bwxucz0iahr0cdovl3d3dy53my5vcmcvmjawmc9zdmciighlawdodd0imzbwecigd2lkdgg9ijmwchgiihzpzxdcb3g9ii0xic0xidmxidmxij48zz48cgf0acbkpsjnmjkundq5lde0ljy2mibdmjkundq5ldiyljcymiaymi44njgsmjkumju2ide0ljc1ldi5lji1nibdni42mzismjkumju2idaumduxldiyljcymiawlja1mswxnc42njigqzaumduxldyunjaxidyunjmyldaumdy3ide0ljc1ldaumdy3iemymi44njgsmc4wnjcgmjkundq5ldyunjaxidi5ljq0oswxnc42njiiigzpbgw9iinmzmyiihn0cm9rzt0ii2zmziigc3ryb2tllxdpzhropsixij48l3bhdgg+phbhdgggzd0itte0ljczmywxljy4nibdny41mtysms42odygms42njusny40otugms42njusmtqunjyyiemxljy2nswymc4xntkgns4xmdksmjquodu0idkuotcsmjyunzq0iem5ljg1niwyns43mtggos43ntmsmjqumtqzidewljaxniwymy4wmjigqzewlji1mywymi4wmsaxms41ndgsmtyuntcyidexlju0ocwxni41nzigqzexlju0ocwxni41nzigmteumtu3lde1ljc5nsaxms4xntcsmtqunjq2iemxms4xntcsmtiuodqyideyljixmswxms40otugmtmuntiyldexljq5nsbdmtqunjm3ldexljq5nsaxns4xnzusmtiumzi2ide1lje3nswxmy4zmjmgqze1lje3nswxnc40mzygmtqundyylde2ljegmtqumdkzlde3ljy0mybdmtmunzg1lde4ljkznsaxnc43ndusmtkuotg4ide2ljayocwxos45odggqze4ljm1mswxos45odggmjaumtm2lde3lju1niaymc4xmzysmtqumdq2iemymc4xmzysmtauotm5ide3ljg4ocw4ljc2nyaxnc42nzgsoc43njcgqzewljk1osw4ljc2nya4ljc3nywxms41mzygoc43nzcsmtqumzk4iem4ljc3nywxns41mtmgos4ymswxni43mdkgos43ndksmtcumzu5iem5ljg1niwxny40odggos44nzismtcunia5ljg0lde3ljczmsbdos43ndesmtgumtqxidkuntismtkumdizidkundc3lde5ljiwmybdos40miwxos40nca5lji4ocwxos40otegos4wncwxos4znzygqzcunda4lde4ljyymia2ljm4nywxni4yntigni4zodcsmtqumzq5iem2ljm4nywxmc4yntygos4zodmsni40otcgmtuumdiyldyundk3iemxos41ntusni40otcgmjmumdc4ldkunza1idizlja3ocwxmy45otegqzizlja3ocwxoc40njmgmjaumjm5ldiylja2miaxni4yotcsmjiumdyyiemxnc45nzmsmjiumdyyidezljcyocwyms4znzkgmtmumzayldiwlju3mibdmtmumzayldiwlju3miaxmi42ndcsmjmumdugmtiundg4ldizljy1nybdmtiumtkzldi0ljc4ncaxms4zotysmjyumtk2idewljg2mywyny4wntggqzeylja4niwyny40mzqgmtmumzg2ldi3ljyznyaxnc43mzmsmjcunjm3iemyms45nswyny42mzcgmjcuodaxldixljgyocayny44mdesmtqunjyyiemyny44mdesny40otugmjeuotusms42odygmtqunzmzldeunjg2iibmawxspsijymqwodfjij48l3bhdgg+pc9npjwvc3znpg==); background-color: #bd081c; background-size: 14px; position: absolute; opacity: 1; z-index: 8675309; display: none; cursor: pointer; border: none; -webkit-font-smoothing: antialiased; background-position: 3px 50%; background-repeat: no-repeat no-repeat;\">Enregistrer<\/span><\/p>\n","protected":false},"excerpt":{"rendered":"<p>Dauphin\u00e9 Lib\u00e9r\u00e9 &#8211; Concert Franz Liszt &#8211; Annecy &#8211; Avril 2023 Dauphin\u00e9 Lib\u00e9r\u00e9 &#8211; Concert de Beaumont &#8211; Durante et Caldara &#8211;\u00a024 septembre 2017 Un Choeur enthousiasmant Dimanche, l\u2019\u00e9glise Saint Etienne de Beaumont a vibr\u00e9 une derni\u00e8re fois avec l\u2019Ensemble &hellip; <a href=\"http:\/\/choeur-schutz.fr\/web_schutz\/?page_id=79\">Continuer la lecture <span class=\"meta-nav\">&rarr;<\/span><\/a><\/p>\n","protected":false},"author":1,"featured_media":0,"parent":0,"menu_order":6,"comment_status":"open","ping_status":"closed","template":"","meta":{"_acf_changed":false,"footnotes":""},"class_list":["post-79","page","type-page","status-publish","hentry"],"acf":[],"_links":{"self":[{"href":"http:\/\/choeur-schutz.fr\/web_schutz\/index.php?rest_route=\/wp\/v2\/pages\/79","targetHints":{"allow":["GET"]}}],"collection":[{"href":"http:\/\/choeur-schutz.fr\/web_schutz\/index.php?rest_route=\/wp\/v2\/pages"}],"about":[{"href":"http:\/\/choeur-schutz.fr\/web_schutz\/index.php?rest_route=\/wp\/v2\/types\/page"}],"author":[{"embeddable":true,"href":"http:\/\/choeur-schutz.fr\/web_schutz\/index.php?rest_route=\/wp\/v2\/users\/1"}],"replies":[{"embeddable":true,"href":"http:\/\/choeur-schutz.fr\/web_schutz\/index.php?rest_route=%2Fwp%2Fv2%2Fcomments&post=79"}],"version-history":[{"count":13,"href":"http:\/\/choeur-schutz.fr\/web_schutz\/index.php?rest_route=\/wp\/v2\/pages\/79\/revisions"}],"predecessor-version":[{"id":20982,"href":"http:\/\/choeur-schutz.fr\/web_schutz\/index.php?rest_route=\/wp\/v2\/pages\/79\/revisions\/20982"}],"wp:attachment":[{"href":"http:\/\/choeur-schutz.fr\/web_schutz\/index.php?rest_route=%2Fwp%2Fv2%2Fmedia&parent=79"}],"curies":[{"name":"wp","href":"https:\/\/api.w.org\/{rel}","templated":true}]}}